{"id":3425,"date":"2026-04-16T12:34:40","date_gmt":"2026-04-16T11:34:40","guid":{"rendered":"https:\/\/dz-kicks.com\/?post_type=product&#038;p=3425"},"modified":"2026-04-16T16:03:12","modified_gmt":"2026-04-16T15:03:12","slug":"skechers-758","status":"publish","type":"product","link":"https:\/\/dz-kicks.com\/ar\/product\/skechers-758\/","title":{"rendered":"Skechers Ultra Flex 3.0"},"content":{"rendered":"","protected":false},"excerpt":{"rendered":"<p>L&rsquo;innovation \u00e0 l&rsquo;\u00e9tat pur pour un look premium sans effort. Ce mod\u00e8le <b data-path-to-node=\"1\" data-index-in-node=\"84\">Skechers Slip-Ins Ultra Flex 3.0<\/b> se distingue par son design \u00e9pur\u00e9 et moderne, totalement sans lacets (Slip-on). Sa tige en maille extensible s&rsquo;adapte parfaitement \u00e0 la forme du pied comme une chaussette, tandis que la structure textur\u00e9e noire ajoute une belle touche d&rsquo;\u00e9l\u00e9gance. Avec sa technologie d&rsquo;enfilage ultra-rapide et sa semelle incroyablement souple, c&rsquo;est la promesse d&rsquo;un confort absolu au quotidien.<\/p>","protected":false},"featured_media":3441,"template":"","meta":{"site-sidebar-layout":"default","site-content-layout":"","ast-site-content-layout":"default","site-content-style":"default","site-sidebar-style":"default","ast-global-header-display":"","ast-banner-title-visibility":"","ast-main-header-display":"","ast-hfb-above-header-display":"","ast-hfb-below-header-display":"","ast-hfb-mobile-header-display":"","site-post-title":"","ast-breadcrumbs-content":"","ast-featured-img":"","footer-sml-layout":"","ast-disable-related-posts":"","theme-transparent-header-meta":"default","adv-header-id-meta":"","stick-header-meta":"","header-above-stick-meta":"","header-main-stick-meta":"","header-below-stick-meta":"","astra-migrate-meta-layouts":"set","ast-page-background-enabled":"default","ast-page-background-meta":{"desktop":{"background-color":"var(--ast-global-color-4)","background-image":"","background-repeat":"repeat","background-position":"center center","background-size":"auto","background-attachment":"scroll","background-type":"","background-media":"","overlay-type":"","overlay-color":"","overlay-opacity":"","overlay-gradient":""},"tablet":{"background-color":"","background-image":"","background-repeat":"repeat","background-position":"center center","background-size":"auto","background-attachment":"scroll","background-type":"","background-media":"","overlay-type":"","overlay-color":"","overlay-opacity":"","overlay-gradient":""},"mobile":{"background-color":"","background-image":"","background-repeat":"repeat","background-position":"center center","background-size":"auto","background-attachment":"scroll","background-type":"","background-media":"","overlay-type":"","overlay-color":"","overlay-opacity":"","overlay-gradient":""}},"ast-content-background-meta":{"desktop":{"background-color":"var(--ast-global-color-5)","background-image":"","background-repeat":"repeat","background-position":"center center","background-size":"auto","background-attachment":"scroll","background-type":"","background-media":"","overlay-type":"","overlay-color":"","overlay-opacity":"","overlay-gradient":""},"tablet":{"background-color":"var(--ast-global-color-5)","background-image":"","background-repeat":"repeat","background-position":"center center","background-size":"auto","background-attachment":"scroll","background-type":"","background-media":"","overlay-type":"","overlay-color":"","overlay-opacity":"","overlay-gradient":""},"mobile":{"background-color":"var(--ast-global-color-5)","background-image":"","background-repeat":"repeat","background-position":"center center","background-size":"auto","background-attachment":"scroll","background-type":"","background-media":"","overlay-type":"","overlay-color":"","overlay-opacity":"","overlay-gradient":""}}},"product_brand":[97],"product_cat":[46],"product_tag":[],"class_list":{"0":"post-3425","1":"product","2":"type-product","3":"status-publish","4":"has-post-thumbnail","6":"product_brand-skechers","7":"product_cat-kids","8":"desktop-align-center","9":"tablet-align-center","10":"mobile-align-center","12":"first","13":"instock","14":"sold-individually","15":"shipping-taxable","16":"purchasable","17":"product-type-variable","18":"has-default-attributes"},"_links":{"self":[{"href":"https:\/\/dz-kicks.com\/ar\/wp-json\/wp\/v2\/product\/3425","targetHints":{"allow":["GET"]}}],"collection":[{"href":"https:\/\/dz-kicks.com\/ar\/wp-json\/wp\/v2\/product"}],"about":[{"href":"https:\/\/dz-kicks.com\/ar\/wp-json\/wp\/v2\/types\/product"}],"wp:featuredmedia":[{"embeddable":true,"href":"https:\/\/dz-kicks.com\/ar\/wp-json\/wp\/v2\/media\/3441"}],"wp:attachment":[{"href":"https:\/\/dz-kicks.com\/ar\/wp-json\/wp\/v2\/media?parent=3425"}],"wp:term":[{"taxonomy":"product_brand","embeddable":true,"href":"https:\/\/dz-kicks.com\/ar\/wp-json\/wp\/v2\/product_brand?post=3425"},{"taxonomy":"product_cat","embeddable":true,"href":"https:\/\/dz-kicks.com\/ar\/wp-json\/wp\/v2\/product_cat?post=3425"},{"taxonomy":"product_tag","embeddable":true,"href":"https:\/\/dz-kicks.com\/ar\/wp-json\/wp\/v2\/product_tag?post=3425"}],"curies":[{"name":"wp","href":"https:\/\/api.w.org\/{rel}","templated":true}]}}