{"id":3442,"date":"2026-04-16T14:45:14","date_gmt":"2026-04-16T13:45:14","guid":{"rendered":"https:\/\/dz-kicks.com\/?post_type=product&#038;p=3442"},"modified":"2026-04-16T16:02:19","modified_gmt":"2026-04-16T15:02:19","slug":"skechers","status":"publish","type":"product","link":"https:\/\/dz-kicks.com\/ar\/product\/skechers\/","title":{"rendered":"Skechers GORUN Elevate 2.0"},"content":{"rendered":"","protected":false},"excerpt":{"rendered":"<p>Voici le mod\u00e8le parfait pour allier dynamisme et confort ! La <b data-path-to-node=\"3\" data-index-in-node=\"76\">Skechers GORUN Elevate 2.0<\/b> est con\u00e7ue pour les journ\u00e9es actives. Elle se distingue par une tige en maille respirante bleu marine, rehauss\u00e9e de touches turquoise vibrantes. Dot\u00e9e de lacets \u00e9lastiques et d&rsquo;une fermeture \u00e0 scratch, elle s&rsquo;enfile facilement tout en assurant un excellent maintien. Sa semelle \u00e9paisse ultra-l\u00e9g\u00e8re absorbe les chocs pour un confort absolu \u00e0 chaque pas.<\/p>","protected":false},"featured_media":3455,"template":"","meta":{"site-sidebar-layout":"default","site-content-layout":"","ast-site-content-layout":"default","site-content-style":"default","site-sidebar-style":"default","ast-global-header-display":"","ast-banner-title-visibility":"","ast-main-header-display":"","ast-hfb-above-header-display":"","ast-hfb-below-header-display":"","ast-hfb-mobile-header-display":"","site-post-title":"","ast-breadcrumbs-content":"","ast-featured-img":"","footer-sml-layout":"","ast-disable-related-posts":"","theme-transparent-header-meta":"default","adv-header-id-meta":"","stick-header-meta":"","header-above-stick-meta":"","header-main-stick-meta":"","header-below-stick-meta":"","astra-migrate-meta-layouts":"set","ast-page-background-enabled":"default","ast-page-background-meta":{"desktop":{"background-color":"var(--ast-global-color-4)","background-image":"","background-repeat":"repeat","background-position":"center center","background-size":"auto","background-attachment":"scroll","background-type":"","background-media":"","overlay-type":"","overlay-color":"","overlay-opacity":"","overlay-gradient":""},"tablet":{"background-color":"","background-image":"","background-repeat":"repeat","background-position":"center center","background-size":"auto","background-attachment":"scroll","background-type":"","background-media":"","overlay-type":"","overlay-color":"","overlay-opacity":"","overlay-gradient":""},"mobile":{"background-color":"","background-image":"","background-repeat":"repeat","background-position":"center center","background-size":"auto","background-attachment":"scroll","background-type":"","background-media":"","overlay-type":"","overlay-color":"","overlay-opacity":"","overlay-gradient":""}},"ast-content-background-meta":{"desktop":{"background-color":"var(--ast-global-color-5)","background-image":"","background-repeat":"repeat","background-position":"center center","background-size":"auto","background-attachment":"scroll","background-type":"","background-media":"","overlay-type":"","overlay-color":"","overlay-opacity":"","overlay-gradient":""},"tablet":{"background-color":"var(--ast-global-color-5)","background-image":"","background-repeat":"repeat","background-position":"center center","background-size":"auto","background-attachment":"scroll","background-type":"","background-media":"","overlay-type":"","overlay-color":"","overlay-opacity":"","overlay-gradient":""},"mobile":{"background-color":"var(--ast-global-color-5)","background-image":"","background-repeat":"repeat","background-position":"center center","background-size":"auto","background-attachment":"scroll","background-type":"","background-media":"","overlay-type":"","overlay-color":"","overlay-opacity":"","overlay-gradient":""}}},"product_brand":[97],"product_cat":[46],"product_tag":[],"class_list":{"0":"post-3442","1":"product","2":"type-product","3":"status-publish","4":"has-post-thumbnail","6":"product_brand-skechers","7":"product_cat-kids","8":"desktop-align-center","9":"tablet-align-center","10":"mobile-align-center","12":"first","13":"instock","14":"sold-individually","15":"shipping-taxable","16":"purchasable","17":"product-type-variable","18":"has-default-attributes"},"_links":{"self":[{"href":"https:\/\/dz-kicks.com\/ar\/wp-json\/wp\/v2\/product\/3442","targetHints":{"allow":["GET"]}}],"collection":[{"href":"https:\/\/dz-kicks.com\/ar\/wp-json\/wp\/v2\/product"}],"about":[{"href":"https:\/\/dz-kicks.com\/ar\/wp-json\/wp\/v2\/types\/product"}],"wp:featuredmedia":[{"embeddable":true,"href":"https:\/\/dz-kicks.com\/ar\/wp-json\/wp\/v2\/media\/3455"}],"wp:attachment":[{"href":"https:\/\/dz-kicks.com\/ar\/wp-json\/wp\/v2\/media?parent=3442"}],"wp:term":[{"taxonomy":"product_brand","embeddable":true,"href":"https:\/\/dz-kicks.com\/ar\/wp-json\/wp\/v2\/product_brand?post=3442"},{"taxonomy":"product_cat","embeddable":true,"href":"https:\/\/dz-kicks.com\/ar\/wp-json\/wp\/v2\/product_cat?post=3442"},{"taxonomy":"product_tag","embeddable":true,"href":"https:\/\/dz-kicks.com\/ar\/wp-json\/wp\/v2\/product_tag?post=3442"}],"curies":[{"name":"wp","href":"https:\/\/api.w.org\/{rel}","templated":true}]}}