{"id":3456,"date":"2026-04-16T15:12:33","date_gmt":"2026-04-16T14:12:33","guid":{"rendered":"https:\/\/dz-kicks.com\/?post_type=product&#038;p=3456"},"modified":"2026-04-16T16:00:48","modified_gmt":"2026-04-16T15:00:48","slug":"skechers-597","status":"publish","type":"product","link":"https:\/\/dz-kicks.com\/ar\/product\/skechers-597\/","title":{"rendered":"Skechers GORUN Elevate"},"content":{"rendered":"","protected":false},"excerpt":{"rendered":"<p>Une touche de douceur et d&rsquo;\u00e9l\u00e9gance premium pour les journ\u00e9es actives ! La <b data-path-to-node=\"1\" data-index-in-node=\"89\">Skechers GORUN Elevate<\/b> se d\u00e9cline ici dans une magnifique teinte lavande (violet tr\u00e8s clair), sublim\u00e9e par des d\u00e9tails chic en rose pastel et vert menthe. Con\u00e7ue avec une tige en maille respirante de haute qualit\u00e9, elle offre une l\u00e9g\u00e8ret\u00e9 exceptionnelle. Son syst\u00e8me de lacets \u00e9lastiques associ\u00e9 \u00e0 une fermeture \u00e0 scratch garantit un enfilage ultra-rapide et un maintien parfait. La semelle \u00e9paisse et r\u00e9active assure un confort optimal \u00e0 chaque pas.<\/p>","protected":false},"featured_media":3462,"template":"","meta":{"site-sidebar-layout":"default","site-content-layout":"","ast-site-content-layout":"default","site-content-style":"default","site-sidebar-style":"default","ast-global-header-display":"","ast-banner-title-visibility":"","ast-main-header-display":"","ast-hfb-above-header-display":"","ast-hfb-below-header-display":"","ast-hfb-mobile-header-display":"","site-post-title":"","ast-breadcrumbs-content":"","ast-featured-img":"","footer-sml-layout":"","ast-disable-related-posts":"","theme-transparent-header-meta":"default","adv-header-id-meta":"","stick-header-meta":"","header-above-stick-meta":"","header-main-stick-meta":"","header-below-stick-meta":"","astra-migrate-meta-layouts":"set","ast-page-background-enabled":"default","ast-page-background-meta":{"desktop":{"background-color":"var(--ast-global-color-4)","background-image":"","background-repeat":"repeat","background-position":"center center","background-size":"auto","background-attachment":"scroll","background-type":"","background-media":"","overlay-type":"","overlay-color":"","overlay-opacity":"","overlay-gradient":""},"tablet":{"background-color":"","background-image":"","background-repeat":"repeat","background-position":"center center","background-size":"auto","background-attachment":"scroll","background-type":"","background-media":"","overlay-type":"","overlay-color":"","overlay-opacity":"","overlay-gradient":""},"mobile":{"background-color":"","background-image":"","background-repeat":"repeat","background-position":"center center","background-size":"auto","background-attachment":"scroll","background-type":"","background-media":"","overlay-type":"","overlay-color":"","overlay-opacity":"","overlay-gradient":""}},"ast-content-background-meta":{"desktop":{"background-color":"var(--ast-global-color-5)","background-image":"","background-repeat":"repeat","background-position":"center center","background-size":"auto","background-attachment":"scroll","background-type":"","background-media":"","overlay-type":"","overlay-color":"","overlay-opacity":"","overlay-gradient":""},"tablet":{"background-color":"var(--ast-global-color-5)","background-image":"","background-repeat":"repeat","background-position":"center center","background-size":"auto","background-attachment":"scroll","background-type":"","background-media":"","overlay-type":"","overlay-color":"","overlay-opacity":"","overlay-gradient":""},"mobile":{"background-color":"var(--ast-global-color-5)","background-image":"","background-repeat":"repeat","background-position":"center center","background-size":"auto","background-attachment":"scroll","background-type":"","background-media":"","overlay-type":"","overlay-color":"","overlay-opacity":"","overlay-gradient":""}}},"product_brand":[97],"product_cat":[46],"product_tag":[],"class_list":{"0":"post-3456","1":"product","2":"type-product","3":"status-publish","4":"has-post-thumbnail","6":"product_brand-skechers","7":"product_cat-kids","8":"desktop-align-center","9":"tablet-align-center","10":"mobile-align-center","12":"first","13":"instock","14":"sold-individually","15":"shipping-taxable","16":"purchasable","17":"product-type-variable","18":"has-default-attributes"},"_links":{"self":[{"href":"https:\/\/dz-kicks.com\/ar\/wp-json\/wp\/v2\/product\/3456","targetHints":{"allow":["GET"]}}],"collection":[{"href":"https:\/\/dz-kicks.com\/ar\/wp-json\/wp\/v2\/product"}],"about":[{"href":"https:\/\/dz-kicks.com\/ar\/wp-json\/wp\/v2\/types\/product"}],"wp:featuredmedia":[{"embeddable":true,"href":"https:\/\/dz-kicks.com\/ar\/wp-json\/wp\/v2\/media\/3462"}],"wp:attachment":[{"href":"https:\/\/dz-kicks.com\/ar\/wp-json\/wp\/v2\/media?parent=3456"}],"wp:term":[{"taxonomy":"product_brand","embeddable":true,"href":"https:\/\/dz-kicks.com\/ar\/wp-json\/wp\/v2\/product_brand?post=3456"},{"taxonomy":"product_cat","embeddable":true,"href":"https:\/\/dz-kicks.com\/ar\/wp-json\/wp\/v2\/product_cat?post=3456"},{"taxonomy":"product_tag","embeddable":true,"href":"https:\/\/dz-kicks.com\/ar\/wp-json\/wp\/v2\/product_tag?post=3456"}],"curies":[{"name":"wp","href":"https:\/\/api.w.org\/{rel}","templated":true}]}}