{"id":3466,"date":"2026-04-16T15:32:57","date_gmt":"2026-04-16T14:32:57","guid":{"rendered":"https:\/\/dz-kicks.com\/?post_type=product&#038;p=3466"},"modified":"2026-04-17T10:25:19","modified_gmt":"2026-04-17T09:25:19","slug":"skechers-k908","status":"publish","type":"product","link":"https:\/\/dz-kicks.com\/ar\/product\/skechers-k908\/","title":{"rendered":"Skechers Max Cushioning Junior"},"content":{"rendered":"<p>D\u00e9couvrez le summum du confort avec ce mod\u00e8le <b data-path-to-node=\"2\" data-index-in-node=\"60\">Skechers Slip-Ins Max Cushioning<\/b>. Pratique et ultra-moderne, il s&rsquo;enfile en un clin d&rsquo;\u0153il gr\u00e2ce \u00e0 sa technologie exclusive \u00ab\u00a0Slip-Ins\u00a0\u00bb (sans avoir \u00e0 se baisser !), et offre une semelle \u00e9paisse pour un amorti exceptionnel tout au long de la journ\u00e9e. Un design chic en bleu marine avec une belle touche de violet.<\/p>","protected":false},"excerpt":{"rendered":"<p>D\u00e9couvrez le summum du confort avec ce mod\u00e8le Skechers Slip-Ins Max Cushioning. Pratique et ultra-moderne, il s&rsquo;enfile en un clin [&hellip;]<\/p>\n","protected":false},"featured_media":3470,"template":"","meta":{"site-sidebar-layout":"default","site-content-layout":"","ast-site-content-layout":"default","site-content-style":"default","site-sidebar-style":"default","ast-global-header-display":"","ast-banner-title-visibility":"","ast-main-header-display":"","ast-hfb-above-header-display":"","ast-hfb-below-header-display":"","ast-hfb-mobile-header-display":"","site-post-title":"","ast-breadcrumbs-content":"","ast-featured-img":"","footer-sml-layout":"","ast-disable-related-posts":"","theme-transparent-header-meta":"default","adv-header-id-meta":"","stick-header-meta":"","header-above-stick-meta":"","header-main-stick-meta":"","header-below-stick-meta":"","astra-migrate-meta-layouts":"set","ast-page-background-enabled":"default","ast-page-background-meta":{"desktop":{"background-color":"var(--ast-global-color-4)","background-image":"","background-repeat":"repeat","background-position":"center center","background-size":"auto","background-attachment":"scroll","background-type":"","background-media":"","overlay-type":"","overlay-color":"","overlay-opacity":"","overlay-gradient":""},"tablet":{"background-color":"","background-image":"","background-repeat":"repeat","background-position":"center center","background-size":"auto","background-attachment":"scroll","background-type":"","background-media":"","overlay-type":"","overlay-color":"","overlay-opacity":"","overlay-gradient":""},"mobile":{"background-color":"","background-image":"","background-repeat":"repeat","background-position":"center center","background-size":"auto","background-attachment":"scroll","background-type":"","background-media":"","overlay-type":"","overlay-color":"","overlay-opacity":"","overlay-gradient":""}},"ast-content-background-meta":{"desktop":{"background-color":"var(--ast-global-color-5)","background-image":"","background-repeat":"repeat","background-position":"center center","background-size":"auto","background-attachment":"scroll","background-type":"","background-media":"","overlay-type":"","overlay-color":"","overlay-opacity":"","overlay-gradient":""},"tablet":{"background-color":"var(--ast-global-color-5)","background-image":"","background-repeat":"repeat","background-position":"center center","background-size":"auto","background-attachment":"scroll","background-type":"","background-media":"","overlay-type":"","overlay-color":"","overlay-opacity":"","overlay-gradient":""},"mobile":{"background-color":"var(--ast-global-color-5)","background-image":"","background-repeat":"repeat","background-position":"center center","background-size":"auto","background-attachment":"scroll","background-type":"","background-media":"","overlay-type":"","overlay-color":"","overlay-opacity":"","overlay-gradient":""}}},"product_brand":[97],"product_cat":[46],"product_tag":[],"class_list":{"0":"post-3466","1":"product","2":"type-product","3":"status-publish","4":"has-post-thumbnail","6":"product_brand-skechers","7":"product_cat-kids","8":"desktop-align-center","9":"tablet-align-center","10":"mobile-align-center","12":"first","13":"instock","14":"sold-individually","15":"shipping-taxable","16":"purchasable","17":"product-type-variable","18":"has-default-attributes"},"_links":{"self":[{"href":"https:\/\/dz-kicks.com\/ar\/wp-json\/wp\/v2\/product\/3466","targetHints":{"allow":["GET"]}}],"collection":[{"href":"https:\/\/dz-kicks.com\/ar\/wp-json\/wp\/v2\/product"}],"about":[{"href":"https:\/\/dz-kicks.com\/ar\/wp-json\/wp\/v2\/types\/product"}],"wp:featuredmedia":[{"embeddable":true,"href":"https:\/\/dz-kicks.com\/ar\/wp-json\/wp\/v2\/media\/3470"}],"wp:attachment":[{"href":"https:\/\/dz-kicks.com\/ar\/wp-json\/wp\/v2\/media?parent=3466"}],"wp:term":[{"taxonomy":"product_brand","embeddable":true,"href":"https:\/\/dz-kicks.com\/ar\/wp-json\/wp\/v2\/product_brand?post=3466"},{"taxonomy":"product_cat","embeddable":true,"href":"https:\/\/dz-kicks.com\/ar\/wp-json\/wp\/v2\/product_cat?post=3466"},{"taxonomy":"product_tag","embeddable":true,"href":"https:\/\/dz-kicks.com\/ar\/wp-json\/wp\/v2\/product_tag?post=3466"}],"curies":[{"name":"wp","href":"https:\/\/api.w.org\/{rel}","templated":true}]}}